{"id":3412,"date":"2023-11-07T12:55:15","date_gmt":"2023-11-07T11:55:15","guid":{"rendered":"https:\/\/bergdalahyttan.techmedia4you.se\/ueber-uns\/"},"modified":"2024-12-17T12:50:44","modified_gmt":"2024-12-17T11:50:44","slug":"ueber-uns","status":"publish","type":"page","link":"https:\/\/bergdalahyttan.techmedia4you.se\/de\/ueber-uns\/","title":{"rendered":"Ueber uns"},"content":{"rendered":"<p>[et_pb_section fb_built=&#8220;1&#8243; admin_label=&#8220;Header&#8220; _builder_version=&#8220;4.20.0&#8243; _module_preset=&#8220;default&#8220; background_color=&#8220;gcid-67960745-cc0c-4d73-b86b-ef2d6023be78&#8243; custom_padding=&#8220;0px|||||&#8220; locked=&#8220;off&#8220; collapsed=&#8220;off&#8220; global_colors_info=&#8220;{%22gcid-67960745-cc0c-4d73-b86b-ef2d6023be78%22:%91%22background_color%22%93}&#8220;][et_pb_row _builder_version=&#8220;4.27.0&#8243; _module_preset=&#8220;default&#8220; background_image=&#8220;https:\/\/bergdalahyttan.techmedia4you.se\/wp-content\/uploads\/2024\/12\/lennartNy-scaled.jpg&#8220; width=&#8220;100%&#8220; max_width=&#8220;1980px&#8220; global_colors_info=&#8220;{}&#8220;][et_pb_column type=&#8220;4_4&#8243; _builder_version=&#8220;4.20.0&#8243; _module_preset=&#8220;default&#8220; global_colors_info=&#8220;{}&#8220;][et_pb_text _builder_version=&#8220;4.27.0&#8243; _module_preset=&#8220;4e3399af-dfb7-46fa-b151-25c2235a6b28&#8243; header_font=&#8220;|600|||||||&#8220; header_text_color=&#8220;#FFFFFF&#8220; header_font_size=&#8220;6vw&#8220; header_2_font=&#8220;Arial||||||||&#8220; header_2_text_color=&#8220;#FFFFFF&#8220; header_2_font_size=&#8220;3vw&#8220; custom_padding=&#8220;115px|200px|50px|200px|false|true&#8220; custom_padding_tablet=&#8220;115px|200px|50px|200px|false|true&#8220; custom_padding_phone=&#8220;60px|20px|25px|20px|false|true&#8220; custom_padding_last_edited=&#8220;on|desktop&#8220; header_text_shadow_style=&#8220;preset2&#8243; header_2_text_shadow_style=&#8220;preset2&#8243; locked=&#8220;off&#8220; global_colors_info=&#8220;{}&#8220;]<\/p>\n<h1 style=\"text-align: center;\">Ueber die Glashuette<\/h1>\n<p>[\/et_pb_text][et_pb_button button_url=&#8220;@ET-DC@eyJkeW5hbWljIjp0cnVlLCJjb250ZW50IjoicG9zdF9saW5rX3VybF9wYWdlIiwic2V0dGluZ3MiOnsicG9zdF9pZCI6IjM3IiwiZW5hYmxlX2h0bWwiOiJvZmYifX0=@&#8220; button_text=&#8220;Kontaktieren Sie uns unter&#8220; button_alignment=&#8220;center&#8220; disabled_on=&#8220;off|off|off&#8220; _builder_version=&#8220;4.24.0&#8243; _dynamic_attributes=&#8220;button_url&#8220; _module_preset=&#8220;default&#8220; custom_button=&#8220;on&#8220; button_text_size=&#8220;18px&#8220; button_text_color=&#8220;#ffffff&#8220; button_bg_color=&#8220;rgba(0,0,0,0.3)&#8220; button_border_color=&#8220;#eaebe6&#8243; button_font=&#8220;|||on|||||&#8220; background_layout=&#8220;dark&#8220; custom_margin=&#8220;||80px||false|false&#8220; custom_padding=&#8220;|20px|||false|false&#8220; locked=&#8220;off&#8220; global_colors_info=&#8220;{}&#8220; button_bg_color__hover_enabled=&#8220;on|hover&#8220; button_bg_color__hover=&#8220;#474747&#8243; button_border_color__hover_enabled=&#8220;on|hover&#8220; button_border_color__hover=&#8220;#474747&#8243;][\/et_pb_button][\/et_pb_column][\/et_pb_row][et_pb_row _builder_version=&#8220;4.20.0&#8243; _module_preset=&#8220;default&#8220; global_colors_info=&#8220;{}&#8220;][et_pb_column type=&#8220;4_4&#8243; _builder_version=&#8220;4.20.0&#8243; _module_preset=&#8220;default&#8220; global_colors_info=&#8220;{}&#8220;][et_pb_text _builder_version=&#8220;4.27.0&#8243; _module_preset=&#8220;0ba1b015-4bb3-4af4-b27e-0bd7bd2fbb17&#8243; text_orientation=&#8220;center&#8220; max_width=&#8220;560px&#8220; module_alignment=&#8220;center&#8220; locked=&#8220;off&#8220; global_colors_info=&#8220;{%22gcid-a3412674-3498-4142-ac08-6afad8430048%22:%91%22header_4_text_color%22%93}&#8220;]<\/p>\n<h1>Die Glashuette \u00f6ffnete 1889 und konzentrierte sich auf die Herstellung von Namenschildern aus Glas,Bergdalatrolle und Gebrauchsglas mit Blauem Rand.<\/h1>\n<p>[\/et_pb_text][\/et_pb_column][\/et_pb_row][\/et_pb_section][et_pb_section fb_built=&#8220;1&#8243; admin_label=&#8220;About&#8220; _builder_version=&#8220;4.20.0&#8243; _module_preset=&#8220;default&#8220; background_color=&#8220;gcid-67960745-cc0c-4d73-b86b-ef2d6023be78&#8243; custom_margin=&#8220;-58px|||||&#8220; custom_padding=&#8220;||10px|||&#8220; collapsed=&#8220;off&#8220; global_colors_info=&#8220;{%22gcid-67960745-cc0c-4d73-b86b-ef2d6023be78%22:%91%22background_color%22%93}&#8220;][et_pb_row column_structure=&#8220;3_5,2_5&#8243; _builder_version=&#8220;4.20.0&#8243; _module_preset=&#8220;default&#8220; global_colors_info=&#8220;{}&#8220;][et_pb_column type=&#8220;3_5&#8243; _builder_version=&#8220;4.20.0&#8243; _module_preset=&#8220;default&#8220; global_colors_info=&#8220;{}&#8220;][et_pb_text _builder_version=&#8220;4.27.0&#8243; _module_preset=&#8220;690a2d09-8d18-4616-bca3-04a95dad410e&#8220; header_4_text_color=&#8220;gcid-a3412674-3498-4142-ac08-6afad8430048&#8243; global_colors_info=&#8220;{%22gcid-a3412674-3498-4142-ac08-6afad8430048%22:%91%22header_4_text_color%22%93}&#8220;]<\/p>\n<h4>\u00dcber Bergdalahyttan<\/h4>\n<p>[\/et_pb_text][et_pb_text _builder_version=&#8220;4.27.0&#8243; _module_preset=&#8220;54be3993-982c-475d-b73f-935f0bfa942b&#8220; header_2_font_size=&#8220;45px&#8220; global_colors_info=&#8220;{}&#8220;]<\/p>\n<h2>Die Glashuette \u00f6ffnete 1889 und konzentrierte sich auf die Herstellung von Namenschildern aus Glas,Bergdalatrolle und Gebrauchsglas mit Blauem Rand.<\/h2>\n<p>[\/et_pb_text][et_pb_text _builder_version=&#8220;4.27.0&#8243; _module_preset=&#8220;d550c776-a5b8-4f25-ad39-739afdbf874d&#8220; global_colors_info=&#8220;{}&#8220;]<\/p>\n<p>In Bergdalahyttan wird der beliebte klassiker Blauer Rand hergestellt.Das Serie hat Bergdalahyttan schon immer begleitet.Bei der Herstellung des Blauen Randes kommt es \u00f6fter zu Blasen,da es beim aufbringen der blauen Glasmasse zu Lufteinschluessen kommt.Frueher hiess es der Blaue Rand wuerde die Fliegen von Schuesseln,Tellern und Kannen fernhalten.<\/p>\n<p>[\/et_pb_text][\/et_pb_column][et_pb_column type=&#8220;2_5&#8243; _builder_version=&#8220;4.20.0&#8243; _module_preset=&#8220;default&#8220; global_colors_info=&#8220;{}&#8220;][et_pb_image src=&#8220;https:\/\/bergdalahyttan.techmedia4you.se\/wp-content\/uploads\/2023\/11\/BlaKant.png&#8220; alt=&#8220;Krug blauer Rand &#8211; Bergdala&#8220; title_text=&#8220;BlueEdge&#8220; _builder_version=&#8220;4.23.4&#8243; _module_preset=&#8220;default&#8220; box_shadow_style=&#8220;preset1&#8243; global_colors_info=&#8220;{}&#8220; transform_styles__hover_enabled=&#8220;on|hover&#8220; transform_scale__hover=&#8220;98%|98%&#8220; transform_scale__hover_enabled=&#8220;on|hover&#8220; transform_translate__hover_enabled=&#8220;on|desktop&#8220; transform_rotate__hover_enabled=&#8220;on|desktop&#8220; transform_skew__hover_enabled=&#8220;on|desktop&#8220; transform_origin__hover_enabled=&#8220;on|desktop&#8220;][\/et_pb_image][\/et_pb_column][\/et_pb_row][et_pb_row _builder_version=&#8220;4.24.0&#8243; _module_preset=&#8220;default&#8220; global_colors_info=&#8220;{}&#8220;][et_pb_column type=&#8220;4_4&#8243; _builder_version=&#8220;4.24.0&#8243; _module_preset=&#8220;default&#8220; global_colors_info=&#8220;{}&#8220;][et_pb_divider divider_weight=&#8220;2px&#8220; _builder_version=&#8220;4.24.0&#8243; _module_preset=&#8220;default&#8220; width=&#8220;80%&#8220; global_colors_info=&#8220;{}&#8220;][\/et_pb_divider][\/et_pb_column][\/et_pb_row][et_pb_row column_structure=&#8220;2_5,3_5&#8243; _builder_version=&#8220;4.20.0&#8243; _module_preset=&#8220;default&#8220; global_colors_info=&#8220;{}&#8220;][et_pb_column type=&#8220;2_5&#8243; _builder_version=&#8220;4.20.0&#8243; _module_preset=&#8220;default&#8220; global_colors_info=&#8220;{}&#8220;][et_pb_image src=&#8220;https:\/\/bergdalahyttan.techmedia4you.se\/wp-content\/uploads\/2023\/11\/Roger-Johansson.jpg&#8220; alt=&#8220;Roger johansson-bergdalahyttan&#8220; title_text=&#8220;Herr Roger Johansson&#8220; _builder_version=&#8220;4.23.4&#8243; _module_preset=&#8220;default&#8220; box_shadow_style=&#8220;preset1&#8243; global_colors_info=&#8220;{}&#8220; transform_styles__hover_enabled=&#8220;on|hover&#8220; transform_scale__hover=&#8220;98%|98%&#8220; transform_scale__hover_enabled=&#8220;on|hover&#8220; transform_translate__hover_enabled=&#8220;on|desktop&#8220; transform_rotate__hover_enabled=&#8220;on|desktop&#8220; transform_skew__hover_enabled=&#8220;on|desktop&#8220; transform_origin__hover_enabled=&#8220;on|desktop&#8220;][\/et_pb_image][\/et_pb_column][et_pb_column type=&#8220;3_5&#8243; _builder_version=&#8220;4.20.0&#8243; _module_preset=&#8220;default&#8220; global_colors_info=&#8220;{}&#8220;][et_pb_text _builder_version=&#8220;4.27.0&#8243; _module_preset=&#8220;690a2d09-8d18-4616-bca3-04a95dad410e&#8220; header_4_text_color=&#8220;gcid-a3412674-3498-4142-ac08-6afad8430048&#8243; global_colors_info=&#8220;{%22gcid-a3412674-3498-4142-ac08-6afad8430048%22:%91%22header_4_text_color%22%93}&#8220;]<\/p>\n<h4>Roger Johansson<\/h4>\n<p>[\/et_pb_text][et_pb_text _builder_version=&#8220;4.27.0&#8243; _module_preset=&#8220;54be3993-982c-475d-b73f-935f0bfa942b&#8220; global_colors_info=&#8220;{}&#8220;]<\/p>\n<h2>Glasbesitzer Bergdalahyttan<\/h2>\n<p>[\/et_pb_text][et_pb_text _builder_version=&#8220;4.27.0&#8243; _module_preset=&#8220;d550c776-a5b8-4f25-ad39-739afdbf874d&#8220; global_colors_info=&#8220;{}&#8220;]<\/p>\n<p>Es wurden viele \u00c4nderungerungen vorgenommen seit 2015 Roger die Glashuette uebernommen hat.<br \/>Unter anderem wurde das Glasgesch\u00e4ft renoviert und alles wird in weiss gehalten,damit das Glas im Mittelpunkt gl\u00e4nzen kann.Im Obergeschoss hat die Gallerie ihren Platz mit aussergew\u00f6hnlicher Glaskunst bekommen. Sein Interesse am schaffen besteht seit der Kindheit.Aus einer einfachen Skizze entstehen fantastische Kreationen.Seine Kreativit\u00e4t formt er in stillvollem Glas, vorzugsweise mit harmonischen Farbkombinationen.Eineneue Idee kann jederzeit entstehen. In der t\u00e4glichen Arbeit merkt man,dass Roger ein ehrgeiziger Unternehmer ist.Er tr\u00e4gt einen Grossteil der Arbeit in der Glashuette bei,zusammen mit seinen Mitarbeitern.Er hilft bei der Produktion des Glases,ueber die Weiterverarbeitung in der Schleiferei bis hin zum verpacken von Bestellungen.<\/p>\n<p>[\/et_pb_text][\/et_pb_column][\/et_pb_row][et_pb_row _builder_version=&#8220;4.20.0&#8243; _module_preset=&#8220;default&#8220; global_colors_info=&#8220;{}&#8220;][et_pb_column type=&#8220;4_4&#8243; _builder_version=&#8220;4.20.0&#8243; _module_preset=&#8220;default&#8220; global_colors_info=&#8220;{}&#8220;][et_pb_divider divider_weight=&#8220;2px&#8220; _builder_version=&#8220;4.23&#8243; _module_preset=&#8220;default&#8220; width=&#8220;80%&#8220; global_colors_info=&#8220;{}&#8220;][\/et_pb_divider][et_pb_text _builder_version=&#8220;4.27.0&#8243; _module_preset=&#8220;54be3993-982c-475d-b73f-935f0bfa942b&#8220; header_2_text_align=&#8220;left&#8220; global_colors_info=&#8220;{}&#8220;]<\/p>\n<h2>Hyttsill mit H\u00f6nsa-Lottas Luffarmuseum<\/h2>\n<p>[\/et_pb_text][et_pb_text _builder_version=&#8220;4.27.0&#8243; _module_preset=&#8220;d550c776-a5b8-4f25-ad39-739afdbf874d&#8220; global_colors_info=&#8220;{}&#8220;]<\/p>\n<p>Der Besuch beginnt mit einem Begruessungsgetr\u00e4nk in der Huette,wo wir zueiner einzigartigen Begegnung mit der Geschichte aus der Zeit als die Landstreicher die Glashuetten besuchten willkommen heissen. Manchmal gab es ein Fest zusammen mit den Huettenarbeitern, den Leuten aus dem Dorf,den Jugendlichen und vielleicht auch den J\u00e4gern aus dem Wald.Die Huette war oft ein Treffpunkt des Dorfes und man amuesierte sich nachdem die Glasarbeiter die anstrengende Arbeit des Tages beendet hatten.<\/p>\n<p>Bergdala Glashuette ist die einzigste Huette im Land,die Holzfussb\u00f6den und Holzw\u00e4nde hat und ueber ein authentisches Arbeitsumfeld verfuegt. Auch bekannt fuer ihren Blauen Rand und fuer die Herstellung des begehrten TV-Preises Kristallen.Als n\u00e4chstes berichten wir vom Besuch des Landstreichers im dunklen Sm\u00e5land ,wo Gemeinschaft und W\u00e4rme der Leitstern der Zusammenkunft war.Es gibt wahre und weniger wahre Geschichten fuer die Versammelten.Neuigkeiten von Nachbarsd\u00f6rfern<br \/>belebten auch die Zusammenkunft fuer die Versammelten in der normalerweise warmen Huette.<\/p>\n<p>Das Essen ist das Highlight des Programms und besteht aus Hyttsill, einem eingelegten gesalzenen Hering in Zwiebeln und Sahne. Eine lange Tradition im K\u00f6nigreich des Glases. Hier gibt es auch gebratenes Schweinefleisch, Sm\u00e5land Speck und nicht zuletzt haben wir das Vergn\u00fcgen, den vom Botschafter H\u00e5kan Juholt komponierten Hering, den er f\u00fcr unser Hyttsillsbord produziert hat, als zus\u00e4tzliches Geschmackserlebnis zusammen mit Inger &#8222;H\u00f6nsalotta&#8220; Rydbrink zu pr\u00e4sentieren. Dieser Hering schmeckt nach allen Freuden des Waldes.Dazu Ofenkartoffeln und Preiselbeeren (Preiselbeeren wurden verwendet, um den salzigen Hering zu s\u00fc\u00dfen). Eine Kr\u00e4uterbutter f\u00fcr die Ofenkartoffeln<br \/>steht ebenso auf dem Tisch wie Kn\u00e4ckebrot.<\/p>\n<p>[\/et_pb_text][et_pb_button button_url=&#8220;https:\/\/bergdalahyttan.techmedia4you.se\/de\/kooperation\/&#8220; button_text=&#8220;Lesen Sie mehr \u00fcber unsere Partner&#8220; _builder_version=&#8220;4.27.0&#8243; _module_preset=&#8220;6d458b98-55b4-4505-838f-f4a5732dc3de&#8220; hover_enabled=&#8220;0&#8243; locked=&#8220;off&#8220; global_colors_info=&#8220;{}&#8220; sticky_enabled=&#8220;0&#8243;][\/et_pb_button][\/et_pb_column][\/et_pb_row][et_pb_row column_structure=&#8220;1_4,1_4,1_4,1_4&#8243; _builder_version=&#8220;4.25.1&#8243; _module_preset=&#8220;default&#8220; global_colors_info=&#8220;{}&#8220;][et_pb_column type=&#8220;1_4&#8243; _builder_version=&#8220;4.25.1&#8243; _module_preset=&#8220;default&#8220; global_colors_info=&#8220;{}&#8220;][et_pb_blurb title=&#8220;Herr Roger Johansson CEO&#8220; image=&#8220;https:\/\/bergdalahyttan.techmedia4you.se\/wp-content\/uploads\/2024\/06\/Roger-Johansson.jpg&#8220; alt=&#8220;Roger-Johansson&#8220; _builder_version=&#8220;4.25.2&#8243; _module_preset=&#8220;default&#8220; header_font=&#8220;|||on|||||&#8220; header_text_align=&#8220;center&#8220; header_font_size=&#8220;20px&#8220; box_shadow_style_image=&#8220;preset3&#8243; box_shadow_horizontal_image=&#8220;-6px&#8220; box_shadow_vertical_image=&#8220;11px&#8220; box_shadow_blur_image=&#8220;5px&#8220; box_shadow_spread_image=&#8220;-9px&#8220; global_colors_info=&#8220;{}&#8220;][\/et_pb_blurb][\/et_pb_column][et_pb_column type=&#8220;1_4&#8243; _builder_version=&#8220;4.25.1&#8243; _module_preset=&#8220;default&#8220; global_colors_info=&#8220;{}&#8220;][et_pb_blurb title=&#8220;Herr Lennart Nissmark&#8220; image=&#8220;https:\/\/bergdalahyttan.techmedia4you.se\/wp-content\/uploads\/2024\/06\/Lennart-Nissmark.jpg&#8220; alt=&#8220;Herr Lennart-Nissmark&#8220; _builder_version=&#8220;4.25.1&#8243; _module_preset=&#8220;default&#8220; header_font=&#8220;|||on|||||&#8220; header_text_align=&#8220;center&#8220; header_font_size=&#8220;20px&#8220; box_shadow_style_image=&#8220;preset3&#8243; box_shadow_horizontal_image=&#8220;-6px&#8220; box_shadow_vertical_image=&#8220;11px&#8220; box_shadow_blur_image=&#8220;5px&#8220; box_shadow_spread_image=&#8220;-9px&#8220; global_colors_info=&#8220;{}&#8220;][\/et_pb_blurb][\/et_pb_column][et_pb_column type=&#8220;1_4&#8243; _builder_version=&#8220;4.25.1&#8243; _module_preset=&#8220;default&#8220; global_colors_info=&#8220;{}&#8220;][et_pb_blurb title=&#8220;Frau Maja Abdullah&#8220; image=&#8220;https:\/\/bergdalahyttan.techmedia4you.se\/wp-content\/uploads\/2024\/06\/Maja-Abdullah.jpg&#8220; alt=&#8220;Maja-Abdullah&#8220; _builder_version=&#8220;4.25.1&#8243; _module_preset=&#8220;default&#8220; header_font=&#8220;|||on|||||&#8220; header_text_align=&#8220;center&#8220; header_font_size=&#8220;20px&#8220; box_shadow_style_image=&#8220;preset3&#8243; box_shadow_horizontal_image=&#8220;-6px&#8220; box_shadow_vertical_image=&#8220;11px&#8220; box_shadow_blur_image=&#8220;5px&#8220; box_shadow_spread_image=&#8220;-9px&#8220; global_colors_info=&#8220;{}&#8220;][\/et_pb_blurb][\/et_pb_column][et_pb_column type=&#8220;1_4&#8243; _builder_version=&#8220;4.25.1&#8243; _module_preset=&#8220;default&#8220; global_colors_info=&#8220;{}&#8220;][et_pb_blurb title=&#8220;Alex Rodriguez&#8220; image=&#8220;https:\/\/bergdalahyttan.techmedia4you.se\/wp-content\/uploads\/2024\/06\/Alex-rodriguez.jpg&#8220; alt=&#8220;Alex-rodriguez&#8220; _builder_version=&#8220;4.25.1&#8243; _module_preset=&#8220;default&#8220; header_font=&#8220;|||on|||||&#8220; header_text_align=&#8220;center&#8220; header_font_size=&#8220;20px&#8220; box_shadow_style_image=&#8220;preset3&#8243; box_shadow_horizontal_image=&#8220;-6px&#8220; box_shadow_vertical_image=&#8220;11px&#8220; box_shadow_blur_image=&#8220;5px&#8220; box_shadow_spread_image=&#8220;-9px&#8220; global_colors_info=&#8220;{}&#8220;][\/et_pb_blurb][\/et_pb_column][\/et_pb_row][\/et_pb_section][et_pb_section fb_built=&#8220;1&#8243; admin_label=&#8220;Footer&#8220; _builder_version=&#8220;4.24.0&#8243; _module_preset=&#8220;default&#8220; background_color=&#8220;gcid-67960745-cc0c-4d73-b86b-ef2d6023be78&#8243; use_background_color_gradient=&#8220;on&#8220; background_color_gradient_stops=&#8220;rgba(255,255,255,0) 50%|#000000 50%&#8220; saved_tabs=&#8220;all&#8220; collapsed=&#8220;off&#8220; global_colors_info=&#8220;{%22gcid-67960745-cc0c-4d73-b86b-ef2d6023be78%22:%91%22background_color%22%93}&#8220;][et_pb_row custom_padding_last_edited=&#8220;on|desktop&#8220; _builder_version=&#8220;4.27.0&#8243; _module_preset=&#8220;default&#8220; use_background_color_gradient=&#8220;on&#8220; background_color_gradient_stops=&#8220;rgba(0,0,0,0.75) 0%|rgba(0,0,0,0.75) 100%&#8220; background_color_gradient_overlays_image=&#8220;on&#8220; background_image=&#8220;https:\/\/bergdalahyttan.techmedia4you.se\/wp-content\/uploads\/2024\/12\/butik-3-av-9.jpg&#8220; custom_padding=&#8220;60px|60px|60px|60px|true|true&#8220; custom_padding_tablet=&#8220;30px|30px|30px|30px|true|true&#8220; custom_padding_phone=&#8220;20px|20px|20px|20px|true|true&#8220; global_colors_info=&#8220;{}&#8220;][et_pb_column type=&#8220;4_4&#8243; _builder_version=&#8220;4.20.0&#8243; _module_preset=&#8220;default&#8220; global_colors_info=&#8220;{}&#8220;][et_pb_text _builder_version=&#8220;4.27.0&#8243; _module_preset=&#8220;54be3993-982c-475d-b73f-935f0bfa942b&#8220; header_2_text_color=&#8220;#FFFFFF&#8220; text_orientation=&#8220;center&#8220; max_width=&#8220;700px&#8220; module_alignment=&#8220;center&#8220; global_colors_info=&#8220;{}&#8220;]<\/p>\n<h2>Fuer Ihr Zuhause das Beste<\/h2>\n<p>[\/et_pb_text][et_pb_button button_url=&#8220;\/butik\/&#8220; button_text=&#8220;Online einkaufen&#8220; button_alignment=&#8220;center&#8220; _builder_version=&#8220;4.27.0&#8243; _module_preset=&#8220;3782114d-f9ce-475d-a443-2571e61a7e35&#8243; global_colors_info=&#8220;{}&#8220;][\/et_pb_button][\/et_pb_column][\/et_pb_row][\/et_pb_section]<\/p>\n","protected":false},"excerpt":{"rendered":"<p>Ueber die GlashuetteDie Glashuette \u00f6ffnete 1889 und konzentrierte sich auf die Herstellung von Namenschildern aus Glas,Bergdalatrolle und Gebrauchsglas mit Blauem Rand.\u00dcber BergdalahyttanDie Glashuette \u00f6ffnete 1889 und konzentrierte sich auf die Herstellung von Namenschildern aus Glas,Bergdalatrolle und Gebrauchsglas mit Blauem Rand.In Bergdalahyttan wird der beliebte klassiker Blauer Rand hergestellt.Das Serie hat Bergdalahyttan schon immer begleitet.Bei der [&hellip;]<\/p>\n","protected":false},"author":1,"featured_media":0,"parent":0,"menu_order":0,"comment_status":"closed","ping_status":"closed","template":"","meta":{"_et_pb_use_builder":"on","_et_pb_old_content":"","_et_gb_content_width":"","footnotes":""},"class_list":["post-3412","page","type-page","status-publish","hentry"],"_links":{"self":[{"href":"https:\/\/bergdalahyttan.techmedia4you.se\/de\/wp-json\/wp\/v2\/pages\/3412","targetHints":{"allow":["GET"]}}],"collection":[{"href":"https:\/\/bergdalahyttan.techmedia4you.se\/de\/wp-json\/wp\/v2\/pages"}],"about":[{"href":"https:\/\/bergdalahyttan.techmedia4you.se\/de\/wp-json\/wp\/v2\/types\/page"}],"author":[{"embeddable":true,"href":"https:\/\/bergdalahyttan.techmedia4you.se\/de\/wp-json\/wp\/v2\/users\/1"}],"replies":[{"embeddable":true,"href":"https:\/\/bergdalahyttan.techmedia4you.se\/de\/wp-json\/wp\/v2\/comments?post=3412"}],"version-history":[{"count":5,"href":"https:\/\/bergdalahyttan.techmedia4you.se\/de\/wp-json\/wp\/v2\/pages\/3412\/revisions"}],"predecessor-version":[{"id":3545,"href":"https:\/\/bergdalahyttan.techmedia4you.se\/de\/wp-json\/wp\/v2\/pages\/3412\/revisions\/3545"}],"wp:attachment":[{"href":"https:\/\/bergdalahyttan.techmedia4you.se\/de\/wp-json\/wp\/v2\/media?parent=3412"}],"curies":[{"name":"wp","href":"https:\/\/api.w.org\/{rel}","templated":true}]}}