{"id":3473,"date":"2023-12-01T23:55:47","date_gmt":"2023-12-01T22:55:47","guid":{"rendered":"https:\/\/bergdalahyttan.techmedia4you.se\/kooperation\/"},"modified":"2024-12-18T14:08:43","modified_gmt":"2024-12-18T13:08:43","slug":"kooperation","status":"publish","type":"page","link":"https:\/\/bergdalahyttan.techmedia4you.se\/de\/kooperation\/","title":{"rendered":"Kooperation"},"content":{"rendered":"<p>[et_pb_section fb_built=&#8220;1&#8243; admin_label=&#8220;Header&#8220; _builder_version=&#8220;4.20.0&#8243; _module_preset=&#8220;default&#8220; background_color=&#8220;gcid-67960745-cc0c-4d73-b86b-ef2d6023be78&#8243; custom_padding=&#8220;0px||0px|||&#8220; locked=&#8220;off&#8220; collapsed=&#8220;off&#8220; global_colors_info=&#8220;{%22gcid-67960745-cc0c-4d73-b86b-ef2d6023be78%22:%91%22background_color%22%93}&#8220;][et_pb_row _builder_version=&#8220;4.25.1&#8243; _module_preset=&#8220;default&#8220; background_image=&#8220;https:\/\/bergdalahyttan.techmedia4you.se\/wp-content\/uploads\/2024\/06\/3V8A7312-Enhanced-NR-Edit.jpg&#8220; parallax=&#8220;on&#8220; width=&#8220;100%&#8220; max_width=&#8220;1980px&#8220; custom_padding=&#8220;||0px||false|false&#8220; global_colors_info=&#8220;{}&#8220;][et_pb_column type=&#8220;4_4&#8243; _builder_version=&#8220;4.20.0&#8243; _module_preset=&#8220;default&#8220; global_colors_info=&#8220;{}&#8220;][et_pb_divider show_divider=&#8220;off&#8220; _builder_version=&#8220;4.23.1&#8243; _module_preset=&#8220;default&#8220; height=&#8220;350px&#8220; custom_padding=&#8220;||353px|||&#8220; global_colors_info=&#8220;{}&#8220;][\/et_pb_divider][\/et_pb_column][\/et_pb_row][et_pb_row _builder_version=&#8220;4.20.0&#8243; _module_preset=&#8220;default&#8220; global_colors_info=&#8220;{}&#8220;][et_pb_column type=&#8220;4_4&#8243; _builder_version=&#8220;4.20.0&#8243; _module_preset=&#8220;default&#8220; global_colors_info=&#8220;{}&#8220;][et_pb_text _builder_version=&#8220;4.27.0&#8243; _module_preset=&#8220;0ba1b015-4bb3-4af4-b27e-0bd7bd2fbb17&#8243; text_orientation=&#8220;center&#8220; max_width=&#8220;882px&#8220; module_alignment=&#8220;center&#8220; custom_margin=&#8220;|586px||257px||&#8220; custom_padding=&#8220;|4px||||&#8220; hover_enabled=&#8220;0&#8243; locked=&#8220;off&#8220; global_colors_info=&#8220;{}&#8220; sticky_enabled=&#8220;0&#8243;]<\/p>\n<h1><strong>Bei Bergdalahyttan arbeiten wir eng mit unseren Partnern zusammen. F\u00fcr uns ist es wichtig, eine kontinuierliche Kommunikation zu haben, um gleiche Werte in Bezug auf Nachhaltigkeit und Arbeitsumfeld zu gew\u00e4hrleisten.<\/strong><\/h1>\n<p>[\/et_pb_text][\/et_pb_column][\/et_pb_row][\/et_pb_section][et_pb_section fb_built=&#8220;1&#8243; admin_label=&#8220;About&#8220; _builder_version=&#8220;4.20.0&#8243; _module_preset=&#8220;default&#8220; background_color=&#8220;gcid-67960745-cc0c-4d73-b86b-ef2d6023be78&#8243; collapsed=&#8220;off&#8220; global_colors_info=&#8220;{%22gcid-67960745-cc0c-4d73-b86b-ef2d6023be78%22:%91%22background_color%22%93}&#8220;][et_pb_row column_structure=&#8220;3_5,2_5&#8243; _builder_version=&#8220;4.20.0&#8243; _module_preset=&#8220;default&#8220; global_colors_info=&#8220;{}&#8220;][et_pb_column type=&#8220;3_5&#8243; _builder_version=&#8220;4.20.0&#8243; _module_preset=&#8220;default&#8220; global_colors_info=&#8220;{}&#8220;][et_pb_text _builder_version=&#8220;4.27.0&#8243; _module_preset=&#8220;690a2d09-8d18-4616-bca3-04a95dad410e&#8220; header_4_text_color=&#8220;gcid-a3412674-3498-4142-ac08-6afad8430048&#8243; hover_enabled=&#8220;0&#8243; global_colors_info=&#8220;{%22gcid-a3412674-3498-4142-ac08-6afad8430048%22:%91%22header_4_text_color%22%93}&#8220; sticky_enabled=&#8220;0&#8243;]<\/p>\n<h4>Boda Smide in Virserum<\/h4>\n<p>[\/et_pb_text][et_pb_text _builder_version=&#8220;4.27.0&#8243; _module_preset=&#8220;54be3993-982c-475d-b73f-935f0bfa942b&#8220; header_2_font_size=&#8220;45px&#8220; hover_enabled=&#8220;0&#8243; global_colors_info=&#8220;{}&#8220; sticky_enabled=&#8220;0&#8243;]<\/p>\n<h2>Schmiede- und Glastraditionen<\/h2>\n<p>[\/et_pb_text][et_pb_text _builder_version=&#8220;4.27.0&#8243; _module_preset=&#8220;d550c776-a5b8-4f25-ad39-739afdbf874d&#8220; hover_enabled=&#8220;0&#8243; global_colors_info=&#8220;{}&#8220; sticky_enabled=&#8220;0&#8243;] In enger Zusammenarbeit mit Boda Smide in Virserum stellen wir bei Bergdala die Glasdetails her, die Sie auf den Schmiedeprodukten von Boda sehen k\u00f6nnen. W\u00e4hrend der Bl\u00fctezeit der sm\u00e5l\u00e4ndischen Glash\u00fctte in den 50er und 60er Jahren wurde Boda Smide gegr\u00fcndet, die auf alten Schmiede- und Glastraditionen in Sm\u00e5land aufbaut. Viele K\u00fcnstler und Designer haben im Laufe der Jahre viel zu den Produkten des Unternehmens beigetragen, wobei Erik H\u00f6glund zusammen mit Bertil Vallien vielleicht die bekanntesten Namen sind. Weitere anerkannte Designer, die mit Boda Smide verbunden sind, sind Rolf Sinnemark, Kjell Engman und Bj\u00f6rn Nyberg. Im Laden von Bergdala gibt es unter anderem einen fantastischen Kerzenst\u00e4nder zu sehen, der von Erik H\u00f6glund entworfen wurde \u2013 und wenn Sie mehr \u00fcber die sch\u00f6nen Produkte von Boda Smide erfahren und sehen m\u00f6chten, finden Sie sie auf der Website von Boda Smide \u2013 <a href=\"https:\/\/bodasmide.se\" target=\"_blank\" rel=\"noopener\">bodasmide.se<\/a>.[\/et_pb_text][\/et_pb_column][et_pb_column type=&#8220;2_5&#8243; _builder_version=&#8220;4.20.0&#8243; _module_preset=&#8220;default&#8220; global_colors_info=&#8220;{}&#8220;][et_pb_image src=&#8220;https:\/\/bergdalahyttan.techmedia4you.se\/wp-content\/uploads\/2023\/12\/bodasmide.jpg&#8220; title_text=&#8220;bodasmide&#8220; force_fullwidth=&#8220;on&#8220; _builder_version=&#8220;4.23.1&#8243; _module_preset=&#8220;default&#8220; box_shadow_style=&#8220;preset1&#8243; global_colors_info=&#8220;{}&#8220; transform_styles__hover_enabled=&#8220;on|hover&#8220; transform_scale__hover=&#8220;98%|98%&#8220; transform_scale__hover_enabled=&#8220;on|hover&#8220; transform_translate__hover_enabled=&#8220;on|desktop&#8220; transform_rotate__hover_enabled=&#8220;on|desktop&#8220; transform_skew__hover_enabled=&#8220;on|desktop&#8220; transform_origin__hover_enabled=&#8220;on|desktop&#8220;][\/et_pb_image][\/et_pb_column][\/et_pb_row][et_pb_row _builder_version=&#8220;4.24.0&#8243; _module_preset=&#8220;default&#8220; global_colors_info=&#8220;{}&#8220;][et_pb_column type=&#8220;4_4&#8243; _builder_version=&#8220;4.24.0&#8243; _module_preset=&#8220;default&#8220; global_colors_info=&#8220;{}&#8220;][et_pb_divider divider_weight=&#8220;2px&#8220; _builder_version=&#8220;4.24.0&#8243; _module_preset=&#8220;default&#8220; global_colors_info=&#8220;{}&#8220;][\/et_pb_divider][\/et_pb_column][\/et_pb_row][et_pb_row column_structure=&#8220;2_5,3_5&#8243; disabled_on=&#8220;off|off|off&#8220; _builder_version=&#8220;4.20.0&#8243; _module_preset=&#8220;default&#8220; hover_enabled=&#8220;0&#8243; global_colors_info=&#8220;{}&#8220; sticky_enabled=&#8220;0&#8243;][et_pb_column type=&#8220;2_5&#8243; _builder_version=&#8220;4.20.0&#8243; _module_preset=&#8220;default&#8220; global_colors_info=&#8220;{}&#8220;][et_pb_image src=&#8220;https:\/\/bergdalahyttan.techmedia4you.se\/wp-content\/uploads\/2023\/11\/bergdalahyttan_logo.png&#8220; alt=&#8220;bergdalahyttan_logo&#8220; title_text=&#8220;bergdalahyttan_logo&#8220; _builder_version=&#8220;4.27.0&#8243; _module_preset=&#8220;default&#8220; box_shadow_style=&#8220;preset1&#8243; global_colors_info=&#8220;{}&#8220; transform_styles__hover_enabled=&#8220;on|hover&#8220; transform_scale__hover=&#8220;98%|98%&#8220; transform_scale__hover_enabled=&#8220;on|hover&#8220; transform_translate__hover_enabled=&#8220;on|desktop&#8220; transform_rotate__hover_enabled=&#8220;on|desktop&#8220; transform_skew__hover_enabled=&#8220;on|desktop&#8220; transform_origin__hover_enabled=&#8220;on|desktop&#8220;][\/et_pb_image][\/et_pb_column][et_pb_column type=&#8220;3_5&#8243; _builder_version=&#8220;4.20.0&#8243; _module_preset=&#8220;default&#8220; global_colors_info=&#8220;{}&#8220;][et_pb_text _builder_version=&#8220;4.27.0&#8243; _module_preset=&#8220;690a2d09-8d18-4616-bca3-04a95dad410e&#8220; header_4_text_color=&#8220;gcid-a3412674-3498-4142-ac08-6afad8430048&#8243; hover_enabled=&#8220;0&#8243; global_colors_info=&#8220;{%22gcid-a3412674-3498-4142-ac08-6afad8430048%22:%91%22header_4_text_color%22%93}&#8220; sticky_enabled=&#8220;0&#8243;]<\/p>\n<h4>Ueber die Partner von Bergdalahyttan<\/h4>\n<p>[\/et_pb_text][et_pb_text _builder_version=&#8220;4.27.0&#8243; _module_preset=&#8220;54be3993-982c-475d-b73f-935f0bfa942b&#8220; hover_enabled=&#8220;0&#8243; global_colors_info=&#8220;{}&#8220; sticky_enabled=&#8220;0&#8243;]<\/p>\n<h2>Kooperation mit H\u00f6nsalottas luffarmuseum<\/h2>\n<p>[\/et_pb_text][et_pb_text _builder_version=&#8220;4.27.0&#8243; _module_preset=&#8220;d550c776-a5b8-4f25-ad39-739afdbf874d&#8220; hover_enabled=&#8220;0&#8243; global_colors_info=&#8220;{}&#8220; sticky_enabled=&#8220;0&#8243;]<\/p>\n<p class=\"has-text-align-left\">Der Besuch beginnt mit einem Begruessungsgetr\u00e4nk in der Huette,wo wir zu einer einzigartigen Begegnung mit der Geschichte aus der Zeit als die Landstreicher die Glashuetten besuchten willkommen heissen. Manchmal gab es ein Fest zusammen mit den Huettenarbeitern, den Leuten aus dem Dorf,den Jugendlichen und vielleicht auch den J\u00e4gern aus dem Wald.Die Huette war oft ein Treffpunkt des Dorfes und man amuesierte sich nachdem die Glasarbeiter die anstrengende Arbeit des Tages beendet hatten.<br \/>\nBergdala Glashuette ist die einzigste Huette im Land,die Holzfussb\u00f6den und Holzw\u00e4nde hat und ueber ein authentisches Arbeitsumfeld verfuegt.<\/p>\n<p class=\"has-text-align-left\">Auch bekannt fuer ihren Blauen Rand und fuer die Herstellung des begehrten TV-Preises Kristallen.Als n\u00e4chstes berichten wir vom Besuch des Landstreichers im dunklen Sm\u00e5land ,wo Gemeinschaft und W\u00e4rme der Leitstern der Zusammenkunft war.Es gibt wahre und weniger wahre Geschichten fuer die Versammelten.Neuigkeiten von Nachbarsd\u00f6rfern belebten auch die Zusammenkunft fuer die Versammelten in der normalerweise  warmen Huette.<\/p>\n<div class=\"wp-block-columns is-layout-flex wp-container-core-columns-is-layout-1 wp-block-columns-is-layout-flex\">\n<div class=\"wp-block-column is-layout-flow wp-block-column-is-layout-flow\"><\/div>\n<\/div>\n<p class=\"has-text-align-left\">Das Essen ist das Highlight des Programms und besteht aus Hyttsill, einem eingelegten gesalzenen Hering in Zwiebeln und Sahne. Eine lange Tradition im K\u00f6nigreich des Glases. Hier gibt es auch gebratenes Schweinefleisch, Sm\u00e5land Speck und nicht zuletzt haben wir das Vergn\u00fcgen, den vom Botschafter H\u00e5kan Juholt komponierten Hering, den er f\u00fcr unser Hyttsillsbord produziert hat, als zus\u00e4tzliches Geschmackserlebnis zusammen mit Inger &#8222;H\u00f6nsalotta&#8220; Rydbrink zu pr\u00e4sentieren. Dieser Hering schmeckt nach allen Freuden des Waldes.Dazu Ofenkartoffeln und Preiselbeeren (Preiselbeeren wurden verwendet, um den salzigen Hering zu s\u00fc\u00dfen). Eine Kr\u00e4uterbutter f\u00fcr die Ofenkartoffeln steht ebenso auf dem Tisch wie Kn\u00e4ckebrot.<\/p>\n<p class=\"has-text-align-left\"><span><a href=\"https:\/\/luffarmuseum.se\/\" target=\"_blank\" rel=\"noopener\">Weitere informationen<\/a><\/span><\/p>\n<p>[\/et_pb_text][\/et_pb_column][\/et_pb_row][et_pb_row _builder_version=&#8220;4.24.0&#8243; _module_preset=&#8220;default&#8220; global_colors_info=&#8220;{}&#8220;][et_pb_column type=&#8220;4_4&#8243; _builder_version=&#8220;4.24.0&#8243; _module_preset=&#8220;default&#8220; global_colors_info=&#8220;{}&#8220;][et_pb_divider divider_weight=&#8220;2px&#8220; _builder_version=&#8220;4.24.0&#8243; _module_preset=&#8220;default&#8220; global_colors_info=&#8220;{}&#8220;][\/et_pb_divider][\/et_pb_column][\/et_pb_row][et_pb_row column_structure=&#8220;3_5,2_5&#8243; _builder_version=&#8220;4.20.0&#8243; _module_preset=&#8220;default&#8220; global_colors_info=&#8220;{}&#8220;][et_pb_column type=&#8220;3_5&#8243; _builder_version=&#8220;4.20.0&#8243; _module_preset=&#8220;default&#8220; global_colors_info=&#8220;{}&#8220;][et_pb_text _builder_version=&#8220;4.27.0&#8243; _module_preset=&#8220;690a2d09-8d18-4616-bca3-04a95dad410e&#8220; header_4_text_color=&#8220;gcid-a3412674-3498-4142-ac08-6afad8430048&#8243; hover_enabled=&#8220;0&#8243; global_colors_info=&#8220;{%22gcid-a3412674-3498-4142-ac08-6afad8430048%22:%91%22header_4_text_color%22%93}&#8220; sticky_enabled=&#8220;0&#8243;]<\/p>\n<h4>Ueber die Partner von Bergdalahyttan<\/h4>\n<p>[\/et_pb_text][et_pb_text _builder_version=&#8220;4.27.0&#8243; _module_preset=&#8220;54be3993-982c-475d-b73f-935f0bfa942b&#8220; header_2_font_size=&#8220;45px&#8220; hover_enabled=&#8220;0&#8243; global_colors_info=&#8220;{}&#8220; sticky_enabled=&#8220;0&#8243;]<\/p>\n<h2>Kooperation mit bsweden<\/h2>\n<p>[\/et_pb_text][et_pb_text _builder_version=&#8220;4.27.0&#8243; _module_preset=&#8220;default&#8220; hover_enabled=&#8220;0&#8243; global_colors_info=&#8220;{}&#8220; sticky_enabled=&#8220;0&#8243;]Die Kombination aus hochwertiger Handwerkskunst und Design in Schweden f\u00fchrt zu zukunftsweisenden Leuchten, die zu modernen Klassikern werden.<br \/>\nDas Unternehmen wurde 1993 von Gunnel Svensson gegr\u00fcndet. Aufgewachsen in Lammhult und bei den M\u00f6beln des Familienunternehmens Svensson&#8217;s, studierte Gunnel Kunst am Atlantic College in Wales und Industriedesign bei Bruno Munari u.a. an der Scuola Politecnica di Design di Milano. Die Ausbildung zahlte sich aus und im Alter von zwanzig Jahren \u00fcbernahm Gunnel die Verantwortung f\u00fcr Ausstellungs- und Produktdesign in Bad Salzufeln. Sie war f\u00fcr rund hundert Ausstellungen in ganz Deutschland verantwortlich, entwarf M\u00f6bel und plante Messest\u00e4nde f\u00fcr die gro\u00dfen M\u00f6belmessen. Im Laufe der Jahre sind die Lampen von Bsweden von der Fabrik in den W\u00e4ldern Sm\u00e5lands in die ganze Welt gereist und haben auf dieser Reise eine Reihe renommierter Preise gewonnen.<br \/>\n<a href=\"https:\/\/www.bsweden.se\/en\/home-3\/\" target=\"_blank\" rel=\"noopener\">bsweden.se<\/a>[\/et_pb_text][et_pb_text _builder_version=&#8220;4.25.1&#8243; _module_preset=&#8220;d550c776-a5b8-4f25-ad39-739afdbf874d&#8220; global_colors_info=&#8220;{}&#8220;][\/et_pb_text][\/et_pb_column][et_pb_column type=&#8220;2_5&#8243; _builder_version=&#8220;4.20.0&#8243; _module_preset=&#8220;default&#8220; global_colors_info=&#8220;{}&#8220;][et_pb_image src=&#8220;https:\/\/bergdalahyttan.techmedia4you.se\/wp-content\/uploads\/2024\/06\/kumulus.png&#8220; alt=&#8220;Kumulus &#8211; BSWEDEN&#8220; title_text=&#8220;kumulus&#8220; url=&#8220;https:\/\/www.bsweden.se\/en\/home-3\/&#8220; force_fullwidth=&#8220;on&#8220; _builder_version=&#8220;4.25.2&#8243; _module_preset=&#8220;default&#8220; global_colors_info=&#8220;{}&#8220; transform_styles__hover_enabled=&#8220;on|hover&#8220; transform_scale__hover=&#8220;98%|98%&#8220; transform_scale__hover_enabled=&#8220;on|hover&#8220; transform_translate__hover_enabled=&#8220;on|desktop&#8220; transform_rotate__hover_enabled=&#8220;on|desktop&#8220; transform_skew__hover_enabled=&#8220;on|desktop&#8220; transform_origin__hover_enabled=&#8220;on|desktop&#8220;][\/et_pb_image][\/et_pb_column][\/et_pb_row][et_pb_row _builder_version=&#8220;4.20.0&#8243; _module_preset=&#8220;default&#8220; global_colors_info=&#8220;{}&#8220;][et_pb_column type=&#8220;4_4&#8243; _builder_version=&#8220;4.20.0&#8243; _module_preset=&#8220;default&#8220; global_colors_info=&#8220;{}&#8220;][et_pb_divider divider_weight=&#8220;2px&#8220; _builder_version=&#8220;4.23&#8243; _module_preset=&#8220;default&#8220; width=&#8220;80%&#8220; global_colors_info=&#8220;{}&#8220;][\/et_pb_divider][et_pb_text disabled_on=&#8220;on|on|on&#8220; _builder_version=&#8220;4.23&#8243; _module_preset=&#8220;54be3993-982c-475d-b73f-935f0bfa942b&#8220; header_2_text_align=&#8220;left&#8220; disabled=&#8220;on&#8220; global_colors_info=&#8220;{}&#8220;]<\/p>\n<h2>Samarbete med Boda Smide<\/h2>\n<p>[\/et_pb_text][et_pb_text disabled_on=&#8220;on|on|on&#8220; _builder_version=&#8220;4.23&#8243; _module_preset=&#8220;d550c776-a5b8-4f25-ad39-739afdbf874d&#8220; disabled=&#8220;on&#8220; global_colors_info=&#8220;{}&#8220;]<\/p>\n<p>I n\u00e4ra samarbete med Boda Smide i Virserum tillverkar vi p\u00e5 Bergdala de glasdetaljer ni kan se p\u00e5 Bodas smidesprodukter.<\/p>\n<p>Under de sm\u00e5l\u00e4ndska glasbrukens storhetstid p\u00e5 50-, och 60-talet grundades Boda Smide som bygger vidare p\u00e5 gamla smides- och glastraditioner i Sm\u00e5land. <br \/>M\u00e5nga konstn\u00e4rer och formgivare har betytt mycket f\u00f6r f\u00f6retagets produkter genom \u00e5ren d\u00e4r Erik H\u00f6glund, tillsammans med Bertil Vallien kanske \u00e4r de mest v\u00e4lk\u00e4nda namnen. Andra erk\u00e4nda formgivare kopplade till Boda Smide \u00e4r Rolf Sinnemark, Kjell Engman och Bj\u00f6rn Nyberg. <\/p>\n<p>I Bergdalas butik finns bland annat en fantastisk ljusstake formgiven av Erik H\u00f6glund att se \u2013 och vill du veta mer om och se fler av Boda Smides vackra produkter hittar du dem p\u00e5 Boda Smides hemsida \u2013 <a href=\"https:\/\/bodasmide.se\" target=\"_blank\" rel=\"noopener\">bodasmide.se<\/a>.<\/p>\n<p>[\/et_pb_text][\/et_pb_column][\/et_pb_row][\/et_pb_section][et_pb_section fb_built=&#8220;1&#8243; admin_label=&#8220;Footer&#8220; _builder_version=&#8220;4.20.0&#8243; _module_preset=&#8220;default&#8220; background_color=&#8220;gcid-67960745-cc0c-4d73-b86b-ef2d6023be78&#8243; use_background_color_gradient=&#8220;on&#8220; background_color_gradient_stops=&#8220;rgba(255,255,255,0) 50%|#000000 50%&#8220; saved_tabs=&#8220;all&#8220; collapsed=&#8220;off&#8220; global_colors_info=&#8220;{%22gcid-67960745-cc0c-4d73-b86b-ef2d6023be78%22:%91%22background_color%22%93}&#8220;][et_pb_row custom_padding_last_edited=&#8220;on|desktop&#8220; _builder_version=&#8220;4.23.4&#8243; _module_preset=&#8220;default&#8220; use_background_color_gradient=&#8220;on&#8220; background_color_gradient_stops=&#8220;rgba(0,0,0,0.75) 0%|rgba(0,0,0,0.75) 100%&#8220; background_color_gradient_overlays_image=&#8220;on&#8220; background_image=&#8220;https:\/\/bergdalahyttan.techmedia4you.se\/wp-content\/uploads\/2023\/11\/Kannor-i-massor.jpg&#8220; custom_padding=&#8220;60px|60px|60px|60px|true|true&#8220; custom_padding_tablet=&#8220;30px|30px|30px|30px|true|true&#8220; custom_padding_phone=&#8220;20px|20px|20px|20px|true|true&#8220; global_colors_info=&#8220;{}&#8220;][et_pb_column type=&#8220;4_4&#8243; _builder_version=&#8220;4.20.0&#8243; _module_preset=&#8220;default&#8220; global_colors_info=&#8220;{}&#8220;][et_pb_text _builder_version=&#8220;4.23&#8243; _module_preset=&#8220;54be3993-982c-475d-b73f-935f0bfa942b&#8220; header_2_text_color=&#8220;#FFFFFF&#8220; text_orientation=&#8220;center&#8220; max_width=&#8220;700px&#8220; module_alignment=&#8220;center&#8220; global_colors_info=&#8220;{}&#8220;]<\/p>\n<h2>Nur das Beste f\u00fcr Ihr Zuhause<\/h2>\n<p>[\/et_pb_text][et_pb_button button_url=&#8220;\/butik\/&#8220; button_text=&#8220;Online einkaufen&#8220; button_alignment=&#8220;center&#8220; _builder_version=&#8220;4.23.1&#8243; _module_preset=&#8220;3782114d-f9ce-475d-a443-2571e61a7e35&#8243; global_colors_info=&#8220;{}&#8220;][\/et_pb_button][\/et_pb_column][\/et_pb_row][\/et_pb_section]<\/p>\n","protected":false},"excerpt":{"rendered":"<p>Bei Bergdalahyttan arbeiten wir eng mit unseren Partnern zusammen. F\u00fcr uns ist es wichtig, eine kontinuierliche Kommunikation zu haben, um gleiche Werte in Bezug auf Nachhaltigkeit und Arbeitsumfeld zu gew\u00e4hrleisten.Boda Smide in VirserumSchmiede- und Glastraditionen In enger Zusammenarbeit mit Boda Smide in Virserum stellen wir bei Bergdala die Glasdetails her, die Sie auf den Schmiedeprodukten [&hellip;]<\/p>\n","protected":false},"author":1,"featured_media":0,"parent":0,"menu_order":0,"comment_status":"closed","ping_status":"closed","template":"","meta":{"_et_pb_use_builder":"on","_et_pb_old_content":"","_et_gb_content_width":"","footnotes":""},"class_list":["post-3473","page","type-page","status-publish","hentry"],"_links":{"self":[{"href":"https:\/\/bergdalahyttan.techmedia4you.se\/de\/wp-json\/wp\/v2\/pages\/3473","targetHints":{"allow":["GET"]}}],"collection":[{"href":"https:\/\/bergdalahyttan.techmedia4you.se\/de\/wp-json\/wp\/v2\/pages"}],"about":[{"href":"https:\/\/bergdalahyttan.techmedia4you.se\/de\/wp-json\/wp\/v2\/types\/page"}],"author":[{"embeddable":true,"href":"https:\/\/bergdalahyttan.techmedia4you.se\/de\/wp-json\/wp\/v2\/users\/1"}],"replies":[{"embeddable":true,"href":"https:\/\/bergdalahyttan.techmedia4you.se\/de\/wp-json\/wp\/v2\/comments?post=3473"}],"version-history":[{"count":5,"href":"https:\/\/bergdalahyttan.techmedia4you.se\/de\/wp-json\/wp\/v2\/pages\/3473\/revisions"}],"predecessor-version":[{"id":3554,"href":"https:\/\/bergdalahyttan.techmedia4you.se\/de\/wp-json\/wp\/v2\/pages\/3473\/revisions\/3554"}],"wp:attachment":[{"href":"https:\/\/bergdalahyttan.techmedia4you.se\/de\/wp-json\/wp\/v2\/media?parent=3473"}],"curies":[{"name":"wp","href":"https:\/\/api.w.org\/{rel}","templated":true}]}}