{"id":3533,"date":"2023-12-06T13:26:36","date_gmt":"2023-12-06T12:26:36","guid":{"rendered":"https:\/\/bergdalahyttan.techmedia4you.se\/einkaufbedingungen\/"},"modified":"2024-12-17T09:14:38","modified_gmt":"2024-12-17T08:14:38","slug":"einkaufbedingungen","status":"publish","type":"page","link":"https:\/\/bergdalahyttan.techmedia4you.se\/de\/einkaufbedingungen\/","title":{"rendered":"Einkaufbedingungen"},"content":{"rendered":"<p>[et_pb_section fb_built=&#8220;1&#8243; _builder_version=&#8220;4.23.1&#8243; _module_preset=&#8220;default&#8220; global_colors_info=&#8220;{}&#8220;][et_pb_row _builder_version=&#8220;4.23.1&#8243; _module_preset=&#8220;default&#8220; global_colors_info=&#8220;{}&#8220;][et_pb_column type=&#8220;4_4&#8243; _builder_version=&#8220;4.23.1&#8243; _module_preset=&#8220;default&#8220; global_colors_info=&#8220;{}&#8220;][et_pb_text _builder_version=&#8220;4.23.4&#8243; _module_preset=&#8220;default&#8220; hover_enabled=&#8220;0&#8243; global_colors_info=&#8220;{}&#8220; sticky_enabled=&#8220;0&#8243;]<\/p>\n<div id=\"main-content\">\n<div class=\"container\">\n<div id=\"content-area\" class=\"clearfix\">\n<div id=\"left-area\">\n<article id=\"post-360\" class=\"post-360 page type-page status-publish hentry\">\n<h1 class=\"entry-title main_title\">Einkaufbedingungen<\/h1>\n<div class=\"entry-content\">\n<div><strong>Kaufen<\/strong><br \/>Bei einer Bestellung im Internet kommt ein Kaufvertrag erst dann zustande, wenn Ihre Zahlung best\u00e4tigt wurde.<\/div>\n<div><strong>Erste Sortierung<\/strong><br \/>Alle Produkte sind handgefertigtes schwedisches Glas mit dem Qualit\u00e4tszeichen des Herstellers f\u00fcr die Erstsortierung.<br \/>Um sicherzustellen, dass das Produkt die versprochene Qualit\u00e4t beh\u00e4lt, werden alle Produkte von der Bergdalahyttan noch einmal gepr\u00fcft.<br \/>Sie k\u00f6nnen sicher sein, dass Sie Produkte von h\u00f6chster Qualit\u00e4t erhalten.<\/div>\n<div><strong>Preise<\/strong><br \/>Alle Preisangaben inkl. MwSt<br \/>Alle Angebote gelten solange der Vorrat reicht.<\/div>\n<div><strong>Fracht<\/strong><br \/>Alle im Shop angezeigten Produkte sind sofort lieferbar.<br \/>Alle Lieferungen erfolgen in Zusammenarbeit mit DHL. F\u00fcr Privatpersonen in Schweden werden Bestellungen mit DHL Service Point an einen Lieferpunkt in Ihrer N\u00e4he gesendet. AUFMERKSAMKEIT! Das Paket bleibt 14 Kalendertage am Zustellort. Wir k\u00f6nnen nicht an Postfachadressen liefern. Innerhalb Schwedens ist der Versand f\u00fcr Eink\u00e4ufe \u00fcber 1000 SEK kostenlos, ansonsten fallen Versandkosten 75 SEK an<br \/>F\u00fcr Lieferungen in andere Teile der Welt wenden Sie sich bitte f\u00fcr weitere Informationen an den Kundendienst.     <\/div>\n<div><strong>DHL-Transportbedingungen<\/strong><br \/>Die Lieferzeit innerhalb Schwedens betr\u00e4gt 2-5 Werktage<\/div>\n<div><strong>Widerrufsrecht<\/strong><br \/>Sie haben immer ein 14-t\u00e4giges gesetzliches Widerrufsrecht von Ihrem Kauf, Sie k\u00f6nnen den Artikel innerhalb von 14 Tagen nach Lieferung zur\u00fcckgeben und den bezahlten Betrag zur\u00fcckerhalten. Der Artikel muss sich in einem unver\u00e4nderten Zustand befinden, d. h. er darf nicht benutzt worden sein, muss aber selbstverst\u00e4ndlich ausgepackt und sorgf\u00e4ltig gepr\u00fcft worden sein.<br \/>Der Artikel muss in der Originalverpackung zur\u00fcckgesendet werden und es ist wichtig, dass der Artikel in unbesch\u00e4digtem Zustand bei uns ankommt. Ansonsten lesen Sie mehr unter \u201eR\u00fccksendung\u201c. F\u00fcr den R\u00fcckversand ist der Kunde verantwortlich.<br \/>Bei Aus\u00fcbung des Widerrufsrechts wenden Sie sich bitte an unseren Kundenservice unter 0478-10153 oder info@bergdalahyttan.com<br \/>Macht der Kunde die Garantie geltend und stellt sich heraus, dass der Fehler auf \u00e4u\u00dfere Einfl\u00fcsse zur\u00fcckzuf\u00fchren ist und daher nicht von der Garantie abgedeckt ist, tr\u00e4gt der Kunde etwaige Bearbeitungskosten. Ob der Fehler auf ein fehlerhaft produziertes Produkt oder \u00e4u\u00dfere Einwirkungen zur\u00fcckzuf\u00fchren ist, wird in erster Linie durch unser autorisiertes Personal erst nach Eintreffen des Produkts beim Kunden festgestellt. Bei Inanspruchnahme einer Garantie tr\u00e4gt der Kunde die Versandkosten.<br \/>Im Falle einer genehmigten Reklamation erfolgt die Erstattung etwaiger Kosten auf dem gleichen Weg wie die Zahlung erfolgt ist, bei Zahlung per Kreditkarte erfolgt die Gutschrift auf die gleiche Kontonummer. Die R\u00fcckerstattung erfolgt, sobald ein Fall abgeschlossen ist.<br \/>Bei Garantieangelegenheiten wenden Sie sich bitte an unseren Kundenservice unter 0478-10153 oder info@Bergdalahyttan.se      <\/div>\n<div><strong>Zur\u00fcckkehren<\/strong><br \/>Bei einer R\u00fccksendung m\u00fcssen Sie sich unter der Telefonnummer 0478-10153 oder info@Bergdalahyttan.se an unseren Kundenservice wenden, um eine R\u00fccksendenummer und eine R\u00fccksendebenachrichtigung zu erhalten. Der Artikel muss in der Originalverpackung zur\u00fcckgegeben werden. Es liegt in Ihrer Verantwortung, dass der Artikel in unbesch\u00e4digtem Zustand bei uns ankommt. Stellen Sie daher sicher, dass der Artikel gut verpackt ist. Sie sind f\u00fcr den R\u00fcckversand verantwortlich.<br \/>Die R\u00fccksendung wird erst dann genehmigt, wenn wir den Artikel \u00fcberpr\u00fcft haben. Im Falle einer genehmigten R\u00fccksendung erfolgt die R\u00fcckerstattung des Betrages auf dem gleichen Weg wie die Zahlung erfolgt ist, bei Zahlung per Kreditkarte erfolgt die Gutschrift auf die gleiche Kontonummer. R\u00fcckerstattungen erfolgen, sobald eine genehmigte R\u00fccksendung eingegangen ist. Wenn die R\u00fccksendung nicht genehmigt wird, wird der Artikel zur\u00fcckgesandt und die Versandkosten werden in Rechnung gestellt. Artikel, die ohne g\u00fcltige R\u00fccksendenummer zur\u00fcckgegeben werden, werden an den Kunden zur\u00fcckgesandt und die Versandkosten werden in Rechnung gestellt.<br \/>Mehrwertsteuerfrei f\u00fcr Unternehmen innerhalb der EU       <\/div>\n<div><strong>Rechnung, Klarna<\/strong><br \/>Wenn Sie eine schwedische Sozialversicherungsnummer oder Organisationsnummer haben, k\u00f6nnen Sie eine Rechnung erhalten und im Nachhinein bezahlen. F\u00fcr die Bearbeitungskosten der Rechnungsstellung erheben wir eine Geb\u00fchr von 39 SEK. Unsere Rechnungsstellung \u00fcbernimmt Klarna, bei Fragen zur Rechnungsstellung k\u00f6nnen Sie sich gerne unter der Telefonnummer 08 \u2013 120 120 00 an Klarna wenden. Wenn Sie beim Checkout Rechnung als Zahlungsart ausw\u00e4hlen, wird eine handels\u00fcbliche Bonit\u00e4tspr\u00fcfung durchgef\u00fchrt, d. h. Klarna holt eine Bonit\u00e4tsauskunft ein. Im Falle einer Zahlungserinnerung kommen eine gesetzliche Geb\u00fchr von 60 SEK sowie Verzugszinsen gem\u00e4\u00df dem Zinsgesetz hinzu. Bei einem Inkasso kommen noch die Kosten und Geb\u00fchren des Inkassounternehmens hinzu.     <\/div>\n<div><strong>Teilzahlung<\/strong><br \/>Durch eine Zusammenarbeit mit Klarna k\u00f6nnen wir Ihnen die M\u00f6glichkeit bieten, Ihre Zahlung aufzuteilen. Es stehen mehrere Optionen zur Auswahl und Sie w\u00e4hlen selbst die am besten geeignete aus. Selbstverst\u00e4ndlich k\u00f6nnen Sie jederzeit w\u00e4hrend der Ratenlaufzeit die gesamte Restschuld begleichen. Auf Ihrem Ratenkonto k\u00f6nnen Sie zwischen 1.000 und 50.000 SEK haben. Alle Eink\u00e4ufe, die Sie \u00fcber den Teilzahlungsservice von Klarna t\u00e4tigen, werden auf einer monatlichen Kontorechnung zusammengefasst.<br \/>Den Antrag auf Teilzahlung stellen Sie an der Kasse im Zusammenhang mit Ihrem Einkauf. W\u00e4hlen Sie an der Kasse die Zahlungsoption Teilzahlung Klarna und die gew\u00fcnschte Art der Teilzahlung aus. Sie werden umgehend benachrichtigt, wenn Ihr Antrag genehmigt wurde und wir k\u00f6nnen Ihren Kauf sofort bearbeiten. Sollte Ihrem Antrag nicht stattgegeben werden, k\u00f6nnen Sie zur Kasse zur\u00fcckkehren und eine alternative Zahlungsart w\u00e4hlen.<br \/>Klarna sendet Ihnen eine Kontovereinbarung zur Unterschrift, wenn Ihr Einkauf mehr als 1.500 SEK betr\u00e4gt. \u00dcberpr\u00fcfen Sie die Richtigkeit der Angaben, unterzeichnen Sie den Vertrag und senden Sie ihn im beigef\u00fcgten Antwortumschlag zur\u00fcck.<br \/>Weitere Informationen zu den allgemeinen Kontobedingungen finden Sie unter http:\/\/www.klarna.se\/vilkor<br \/>Der Effektivzins f\u00fcr Eink\u00e4ufe von 10.000 SEK mit Teilzahlung \u00fcber 12 Monate betr\u00e4gt derzeit 12,31 %. Ihre Bewerbung f\u00fchrt zu einer markt\u00fcblichen Bonit\u00e4tspr\u00fcfung, d. h. Klarna holt eine Bonit\u00e4tsauskunft ein. Wenn Sie weitere Fragen oder Bedenken haben, rufen Sie bitte Klarna unter 08-120 120 00 an.          <\/div>\n<div><strong>Reklamation\/Fehler bei der Lieferung<\/strong><br \/>Sollte bei Ihrer Lieferung etwas schief gehen, ein Artikel fehlerhaft oder besch\u00e4digt sein, ein falscher Artikel oder eine falsche Anzahl von Artikeln vorhanden sein, kontaktieren Sie bitte unseren Kundenservice unter der Telefonnummer 0478-10153 oder info@bergdalahyttan.se. Der Fehler muss innerhalb einer angemessenen Frist nach Erhalt der Ware gemeldet werden. Bergdalahyttan tr\u00e4gt im Falle einer anerkannten Reklamation s\u00e4mtliche Kosten inklusive Transport.<br \/>Bei Beschwerden kommt das Verbraucherkaufgesetz zur Anwendung, siehe www.konsumentverket.se.  <\/div>\n<div><strong>Transportschaden<\/strong><br \/>Sichtbare Sch\u00e4den an der Ware m\u00fcssen innerhalb einer angemessenen Zeit nach Entdeckung unserem Kundenservice unter der Telefonnummer 0478-10153, per E-Mail info@bergdalahyttan.se oder an DHL gemeldet werden. Versteckte Transportsch\u00e4den m\u00fcssen innerhalb einer angemessenen Frist nach Entdeckung unserem Kundenservice unter der Telefonnummer 0478-10153, per E-Mail info@bergdalahyttan.se oder an DHL gemeldet werden. <\/div>\n<div><strong>Nicht ausgel\u00f6ste Pakete<\/strong><br \/>F\u00fcr bestellte, aber nicht freigegebene Pakete werden der volle Versand- und R\u00fccksendepreis sowie 395 SEK inklusive Mehrwertsteuer f\u00fcr unsere Kosten berechnet. Bei Sonderbestellungen wird der volle Warenwert zuz\u00fcglich Versand- und R\u00fccksendekosten berechnet. <br \/><strong>Kekse<\/strong><br \/>Bergdalahyttan.se verwendet Cookies, um einen reibungslosen und gut funktionierenden E-Commerce zu erm\u00f6glichen. Cookies werden unter anderem dazu verwendet, den Inhalt Ihres Warenkorbs und Ihren Login zu verwalten. Wenn Ihr Browser so eingestellt ist, dass er keine Cookies akzeptiert, k\u00f6nnen Sie Ihre Bestellung nicht \u00fcber das Internet aufgeben. In diesem Fall k\u00f6nnen Sie diese Einstellung einfach in Ihrem Browser \u00e4ndern   <\/div>\n<div><strong>Minderj\u00e4hrige<\/strong><br \/>Ohne schriftliche Zustimmung des Erziehungsberechtigten schlie\u00dfen wir keine Vereinbarungen mit Minderj\u00e4hrigen (Personen unter 18 Jahren).<br \/><strong>Vertraulichkeit und Umgang mit personenbezogenen Daten<\/strong><br \/>Wenn Sie eine Bestellung aufgeben oder sich als Kunde registrieren, geben Sie Ihre pers\u00f6nlichen Daten an. Im Zusammenhang mit Ihrer Bestellung oder Registrierung erkl\u00e4ren Sie sich damit einverstanden, dass wir diese Informationen speichern und verwenden, um unsere Verpflichtung Ihnen gegen\u00fcber zu erf\u00fcllen. Dar\u00fcber hinaus dokumentieren wir die gesamte Kommunikation mit Ihnen, um Ihnen den Service zu bieten, den Sie von uns erwarten. Bergdalahyttan gibt Ihre personenbezogenen Daten nicht an Dritte weiter, mit Ausnahme unserer Partner f\u00fcr Lieferungen und Zahlungen. Gem\u00e4\u00df PUL (Personal Data Act) haben Sie das Recht, die Informationen zu erhalten, die wir \u00fcber Sie registriert haben. Sollten die Informationen unrichtig, unvollst\u00e4ndig oder irrelevant sein, k\u00f6nnen Sie ohne Angabe von Gr\u00fcnden die Berichtigung oder L\u00f6schung der Informationen verlangen. Wenden Sie sich in diesem Fall an den Kundendienst.      <\/div>\n<div> <\/div>\n<div><strong>Kontakt<\/strong><br \/>Unsere Kontaktdaten sind: Bergdalahyttan, Bergdala Glasbruk 365 92 Hovmantorp, Telefon 0478-10153, info@bergdalahyttan.se und unsere Organisationsnummer ist<strong> 559004-8392<\/strong>.<\/div>\n<div>Druckfehler vorbehalten.<\/div>\n<\/div>\n<\/article>\n<\/div>\n<\/div>\n<\/div>\n<\/div>\n<p>[\/et_pb_text][\/et_pb_column][\/et_pb_row][\/et_pb_section]<\/p>\n","protected":false},"excerpt":{"rendered":"<p>Einkaufbedingungen KaufenBei einer Bestellung im Internet kommt ein Kaufvertrag erst dann zustande, wenn Ihre Zahlung best\u00e4tigt wurde. Erste SortierungAlle Produkte sind handgefertigtes schwedisches Glas mit dem Qualit\u00e4tszeichen des Herstellers f\u00fcr die Erstsortierung.Um sicherzustellen, dass das Produkt die versprochene Qualit\u00e4t beh\u00e4lt, werden alle Produkte von der Bergdalahyttan noch einmal gepr\u00fcft.Sie k\u00f6nnen sicher sein, dass Sie Produkte [&hellip;]<\/p>\n","protected":false},"author":1,"featured_media":0,"parent":0,"menu_order":0,"comment_status":"closed","ping_status":"closed","template":"","meta":{"_et_pb_use_builder":"on","_et_pb_old_content":"","_et_gb_content_width":"","footnotes":""},"class_list":["post-3533","page","type-page","status-publish","hentry"],"_links":{"self":[{"href":"https:\/\/bergdalahyttan.techmedia4you.se\/de\/wp-json\/wp\/v2\/pages\/3533","targetHints":{"allow":["GET"]}}],"collection":[{"href":"https:\/\/bergdalahyttan.techmedia4you.se\/de\/wp-json\/wp\/v2\/pages"}],"about":[{"href":"https:\/\/bergdalahyttan.techmedia4you.se\/de\/wp-json\/wp\/v2\/types\/page"}],"author":[{"embeddable":true,"href":"https:\/\/bergdalahyttan.techmedia4you.se\/de\/wp-json\/wp\/v2\/users\/1"}],"replies":[{"embeddable":true,"href":"https:\/\/bergdalahyttan.techmedia4you.se\/de\/wp-json\/wp\/v2\/comments?post=3533"}],"version-history":[{"count":2,"href":"https:\/\/bergdalahyttan.techmedia4you.se\/de\/wp-json\/wp\/v2\/pages\/3533\/revisions"}],"predecessor-version":[{"id":3536,"href":"https:\/\/bergdalahyttan.techmedia4you.se\/de\/wp-json\/wp\/v2\/pages\/3533\/revisions\/3536"}],"wp:attachment":[{"href":"https:\/\/bergdalahyttan.techmedia4you.se\/de\/wp-json\/wp\/v2\/media?parent=3533"}],"curies":[{"name":"wp","href":"https:\/\/api.w.org\/{rel}","templated":true}]}}